{"id":1021,"date":"2022-07-27T07:04:02","date_gmt":"2022-07-27T05:04:02","guid":{"rendered":"https:\/\/www.crossmods.com\/mentions-legales\/"},"modified":"2025-01-20T10:32:35","modified_gmt":"2025-01-20T09:32:35","slug":"legal_information","status":"publish","type":"page","link":"https:\/\/www.crossmods.com\/en\/legal_information\/","title":{"rendered":"Legal Information"},"content":{"rendered":"<div class=\"wpb-content-wrapper\"><p>[vc_row][vc_column][vc_column_text]<\/p>\n<div class=\"tm-heading left tm-animation move-up animate\" id=\"tm-heading-631afd905dfcf\">\n<h3 class=\"heading\"><span style=\"color: #2196f3;\">WEBSITE PUBLISHER<\/span><\/h3>\n<\/div>\n<div class=\"tm-spacer\" id=\"tm-spacer-631afd906008a\"><\/div>\n<div class=\"wpb_text_column wpb_content_element \">\n<div class=\"wpb_wrapper\">\n<p><strong>CROSSMODS<\/strong><br \/>Head office : 35, Avenue des Peupliers 35510 CESSON-SEVIGNE<br \/>Phone : +33 (0)2 44 84 99 40<br \/>Soci\u00e9t\u00e9 par Actions Simplifi\u00e9e (SAS) with capital of 475 790,00 \u20ac, registered 828 729 582 with the R.C.S. of Rennes.<\/p>\n<p>Publishing Director : Vincent Ang\u00e9<\/p>\n<p>&nbsp;<\/p>\n<\/div>\n<\/div>\n<div class=\"tm-spacer\" id=\"tm-spacer-631afd9061334\"><\/div>\n<div class=\"tm-heading left tm-animation move-up animate\" id=\"tm-heading-631afd906148f\">\n<h3 class=\"heading\"><span style=\"color: #2196f3;\">Web hosting<\/span><\/h3>\n<\/div>\n<div class=\"tm-spacer\" id=\"tm-spacer-631afd9062eb8\"><\/div>\n<div class=\"wpb_text_column wpb_content_element \">\n<div class=\"wpb_wrapper\">\n<p><strong>OVH<\/strong><br \/>Head office : 2 rue Kellermann, 59100 Roubaix, France<br \/>SAS with capital of \u20ac10,059,500, registered 424 761 419 with the Lille Trade and Companies Register.<\/p>\n<p>&nbsp;<\/p>\n<\/div>\n<\/div>\n<div class=\"tm-spacer\" id=\"tm-spacer-631afd9063008\">\n<\/div>\n<div class=\"tm-heading left tm-animation move-up animate\" id=\"tm-heading-631afd90630c8\">\n<h3 class=\"heading\"><span style=\"color: #2196f3;\">PERSONAL DATA<\/span><\/h3>\n<\/div>\n<div class=\"tm-spacer\" id=\"tm-spacer-631afd90634d9\"><\/div>\n<div class=\"wpb_text_column wpb_content_element \">\n<div class=\"wpb_wrapper\"><p>In accordance with the provisions of the French Data Protection Act of January 6, 1978, all computer data concerning you is treated in the strictest confidence.<br \/>This processing was declared to the CNIL on 3\/10\/2014 under number 1799423.<br \/>You have the right to access, rectify and object to your data. To do so, simply write to us at Crossmods, Service communication, 29, avenue des Peupliers, 35510 CESSON-SEVIGNE, giving us your full name and address.<\/p>\n<p>&nbsp;<\/p>\n<\/div>\n<\/div>\n<div class=\"tm-heading left tm-animation move-up animate\" id=\"tm-heading-631afd906369b\">\n<h3 class=\"heading\"><span style=\"color: #2196f3;\">PHOTO CREDITS<\/span><\/h3>\n<\/div>\n<div class=\"wpb_text_column wpb_content_element \">\n<div class=\"wpb_wrapper\">\n<p>\u00a9 Pexels\u00a0\u00a9 Unsplash\u00a0\u00a9 Freepik<\/p>\n<\/div>\n<\/div>\n<p>[\/vc_column_text][\/vc_column][\/vc_row]<\/p>\n<\/div>","protected":false},"excerpt":{"rendered":"<p>[vc_row][vc_column][vc_column_text] WEBSITE PUBLISHER CROSSMODSHead office : 35, Avenue des Peupliers <span class=\"more\">...<\/span>","protected":false},"author":5,"featured_media":0,"parent":0,"menu_order":0,"comment_status":"closed","ping_status":"closed","template":"","meta":{"inline_featured_image":false,"footnotes":""},"class_list":["post-1021","page","type-page","status-publish","hentry"],"acf":[],"_links":{"self":[{"href":"https:\/\/www.crossmods.com\/en\/wp-json\/wp\/v2\/pages\/1021","targetHints":{"allow":["GET"]}}],"collection":[{"href":"https:\/\/www.crossmods.com\/en\/wp-json\/wp\/v2\/pages"}],"about":[{"href":"https:\/\/www.crossmods.com\/en\/wp-json\/wp\/v2\/types\/page"}],"author":[{"embeddable":true,"href":"https:\/\/www.crossmods.com\/en\/wp-json\/wp\/v2\/users\/5"}],"replies":[{"embeddable":true,"href":"https:\/\/www.crossmods.com\/en\/wp-json\/wp\/v2\/comments?post=1021"}],"version-history":[{"count":5,"href":"https:\/\/www.crossmods.com\/en\/wp-json\/wp\/v2\/pages\/1021\/revisions"}],"predecessor-version":[{"id":1349,"href":"https:\/\/www.crossmods.com\/en\/wp-json\/wp\/v2\/pages\/1021\/revisions\/1349"}],"wp:attachment":[{"href":"https:\/\/www.crossmods.com\/en\/wp-json\/wp\/v2\/media?parent=1021"}],"curies":[{"name":"wp","href":"https:\/\/api.w.org\/{rel}","templated":true}]}}