{"id":1005,"date":"2022-07-27T07:00:14","date_gmt":"2022-07-27T05:00:14","guid":{"rendered":"https:\/\/www.crossmods.com\/references\/"},"modified":"2025-02-04T22:57:01","modified_gmt":"2025-02-04T21:57:01","slug":"references","status":"publish","type":"page","link":"https:\/\/www.crossmods.com\/en\/references\/","title":{"rendered":"References"},"content":{"rendered":"<div class=\"wpb-content-wrapper\"><p>[vc_row gap=&#8221;35&#8243;][vc_column width=&#8221;1\/3&#8243;][vc_single_image image=&#8221;899&#8243; img_size=&#8221;full&#8221;][vc_empty_space][vc_row_inner][vc_column_inner el_class=&#8221;reference&#8221;][vc_custom_heading text=&#8221;SMCP&#8221; font_container=&#8221;tag:h3|text_align:left&#8221;][vc_column_text]<span style=\"color: #2196f3;\"><strong>Olivier Lefelle &#8211; Marketplaces Project Manager<\/strong><\/span>[\/vc_column_text][vc_column_text]<\/p>\n<blockquote><p>In today&#8217;s competitive digital environment, our ability to deploy on marketplaces is strategic: we need to be able to connect to the various players quickly, with a robust and scalable technical environment. Crossmods is a company that adapts to the specific needs of both retailers and merchants. In addition to providing technical and functional expertise, the team is available, responsive and efficient.<\/p><\/blockquote>\n<p>[\/vc_column_text][\/vc_column_inner][\/vc_row_inner][\/vc_column][vc_column width=&#8221;1\/3&#8243;][vc_single_image image=&#8221;893&#8243; img_size=&#8221;full&#8221;][vc_empty_space][vc_row_inner][vc_column_inner el_class=&#8221;reference&#8221;][vc_custom_heading text=&#8221;Mc Cover&#8221; font_container=&#8221;tag:h3|text_align:left&#8221;][vc_column_text]<span style=\"color: #2196f3;\"><strong>Neville Desbuisson &#8211; E-commerce Director<\/strong><\/span>[\/vc_column_text][vc_column_text]<\/p>\n<blockquote><p>Crossmods has been working with us on our marketplace business for 5 years. Unlike SaaS integrators, our teams delegate the mapping part, which can quickly become redundant. The team goes right to the end of the investigation, which is a great advantage given the complexity of marketplaces.<\/p><\/blockquote>\n<p>[\/vc_column_text][\/vc_column_inner][\/vc_row_inner][\/vc_column][vc_column width=&#8221;1\/3&#8243;][vc_single_image image=&#8221;897&#8243; img_size=&#8221;full&#8221;][vc_empty_space][vc_row_inner][vc_column_inner el_class=&#8221;reference&#8221;][vc_custom_heading text=&#8221;Rouge Gorge&#8221; font_container=&#8221;tag:h3|text_align:left&#8221;][vc_column_text]<span style=\"color: #2196f3;\"><strong>Elise Descamps &#8211; Omnichannel Traffic Manager<\/strong><\/span>[\/vc_column_text][vc_column_text]<\/p>\n<blockquote><p>Having previously used another flow integrator, we migrated all our traffic and marketplace flows to Crossmods, and the switchover went very smoothly, with no impact on our business. The team is very responsive and efficient.<\/p><\/blockquote>\n<p>[\/vc_column_text][\/vc_column_inner][\/vc_row_inner][\/vc_column][\/vc_row][vc_row gap=&#8221;35&#8243;][vc_column width=&#8221;1\/3&#8243;][vc_single_image image=&#8221;891&#8243; img_size=&#8221;full&#8221;][vc_empty_space][vc_row_inner][vc_column_inner el_class=&#8221;reference&#8221;][vc_custom_heading text=&#8221;Grain de Malice&#8221; font_container=&#8221;tag:h3|text_align:left&#8221;][vc_column_text]<span style=\"color: #2196f3;\"><strong>Pauline Thebault &#8211; Leader E-commerce<\/strong><\/span>[\/vc_column_text][vc_column_text]<\/p>\n<blockquote><p>Crossmods has integrated seamlessly with our IT environment. It&#8217;s fluid and efficient.<\/p><\/blockquote>\n<p>[\/vc_column_text][\/vc_column_inner][\/vc_row_inner][\/vc_column][vc_column width=&#8221;1\/3&#8243;][vc_single_image image=&#8221;895&#8243; img_size=&#8221;full&#8221;][vc_empty_space][vc_row_inner][vc_column_inner el_class=&#8221;reference&#8221;][vc_custom_heading text=&#8221;Project X Paris&#8221; font_container=&#8221;tag:h3|text_align:left&#8221;][vc_column_text]<span style=\"color: #2196f3;\"><strong><span>Mickael Austruy &#8211; E-commerce &amp; Digital Manager<\/span><\/strong><\/span>[\/vc_column_text][vc_column_text]<\/p>\n<blockquote><p>It took me a long time to find the right tools for managing marketplaces&#8230; and then I was lucky enough to discover Crossmods.<br \/>\nIt&#8217;s a real time-saver on a day-to-day basis for the whole Marketplace side of things, with a competent, responsive team on a human scale!<br \/>\nWe use Crossmods to manage our product catalog on the most demanding marketplaces on the market (Amazon, C-discount, Zalando, La Redoute&#8230;) but also to manage Google shopping, Facebook, Pinterest feeds&#8230;<\/p><\/blockquote>\n<p>[\/vc_column_text][\/vc_column_inner][\/vc_row_inner][\/vc_column][vc_column width=&#8221;1\/3&#8243;][vc_single_image image=&#8221;889&#8243; img_size=&#8221;full&#8221;][vc_empty_space][vc_row_inner][vc_column_inner el_class=&#8221;reference&#8221;][vc_custom_heading text=&#8221;ARMOR LUX&#8221; font_container=&#8221;tag:h3|text_align:left&#8221;][vc_column_text]<span style=\"color: #2196f3;\"><strong>J\u00e9r\u00e9mie Delano\u00e9 &#8211; E-commerce Manager<\/strong><\/span>[\/vc_column_text][vc_column_text]<\/p>\n<blockquote><p>For several years now, we have been able to rely on the responsiveness and experience of the Crossmods teams. Their availability and the quality of their support enable us to tackle our marketplace projects with complete peace of mind. Technical expertise and excellent interpersonal skills!<\/p><\/blockquote>\n<p>[\/vc_column_text][\/vc_column_inner][\/vc_row_inner][\/vc_column][\/vc_row][vc_row full_width=&#8221;stretch_row_content&#8221; content_placement=&#8221;middle&#8221; parallax=&#8221;content-moving&#8221; parallax_image=&#8221;416&#8243;][vc_column][vc_custom_heading text=&#8221;Request a Technical Audit&#8221; font_container=&#8221;tag:h4|text_align:center&#8221; el_class=&#8221;PRE_FOOTER_TITLE&#8221;][vc_column_text el_class=&#8221;PRE_FOOTER_SUBTITLE&#8221;]<\/p>\n<p class=\"PRE_FOOTER_SUBTITLE\" style=\"text-align: center;\">Our teams will carry out a complete analysis of your operation to plan and manage every stage.<\/p>\n<p>[\/vc_column_text][vc_btn title=&#8221;CONTACT US&#8221; align=&#8221;center&#8221; link=&#8221;url:http%3A%2F%2Fxm.orinoko.fr%2Fcontact%2F|title:Contact&#8221;][\/vc_column][\/vc_row]<\/p>\n<\/div>","protected":false},"excerpt":{"rendered":"<p>[vc_row gap=&#8221;35&#8243;][vc_column width=&#8221;1\/3&#8243;][vc_single_image image=&#8221;899&#8243; <span class=\"more\">...<\/span>","protected":false},"author":5,"featured_media":0,"parent":0,"menu_order":0,"comment_status":"closed","ping_status":"closed","template":"","meta":{"inline_featured_image":false,"footnotes":""},"class_list":["post-1005","page","type-page","status-publish","hentry"],"acf":[],"_links":{"self":[{"href":"https:\/\/www.crossmods.com\/en\/wp-json\/wp\/v2\/pages\/1005","targetHints":{"allow":["GET"]}}],"collection":[{"href":"https:\/\/www.crossmods.com\/en\/wp-json\/wp\/v2\/pages"}],"about":[{"href":"https:\/\/www.crossmods.com\/en\/wp-json\/wp\/v2\/types\/page"}],"author":[{"embeddable":true,"href":"https:\/\/www.crossmods.com\/en\/wp-json\/wp\/v2\/users\/5"}],"replies":[{"embeddable":true,"href":"https:\/\/www.crossmods.com\/en\/wp-json\/wp\/v2\/comments?post=1005"}],"version-history":[{"count":13,"href":"https:\/\/www.crossmods.com\/en\/wp-json\/wp\/v2\/pages\/1005\/revisions"}],"predecessor-version":[{"id":1441,"href":"https:\/\/www.crossmods.com\/en\/wp-json\/wp\/v2\/pages\/1005\/revisions\/1441"}],"wp:attachment":[{"href":"https:\/\/www.crossmods.com\/en\/wp-json\/wp\/v2\/media?parent=1005"}],"curies":[{"name":"wp","href":"https:\/\/api.w.org\/{rel}","templated":true}]}}